{"id":29,"date":"2020-02-08T20:16:30","date_gmt":"2020-02-08T20:16:30","guid":{"rendered":"https:\/\/www.amato-hauswartungen.ch\/?page_id=29"},"modified":"2020-06-16T05:43:04","modified_gmt":"2020-06-16T05:43:04","slug":"technik","status":"publish","type":"page","link":"https:\/\/www.amato-hauswartungen.ch\/index.php\/technik\/","title":{"rendered":"Technik"},"content":{"rendered":"\n<p> Unsere Dienstleistungen beinhalten unter anderem: <\/p>\n\n\n\n<ul class=\"wp-block-list\"><li>Wasser- und \u00d6lz\u00e4hler ablesen<\/li><li> Aussenwasserhahnen f\u00fcllen\/entleeren<\/li><li> Wasserdruck bei Heizung kontollieren und bei Bedarf auff\u00fcllen<\/li><li> Heizung auf Dichtigkeit pr\u00fcfen<\/li><li> \u00d6lstand ablesen \u00fcber den Messstab<\/li><li> Schneer\u00e4umungen<\/li><\/ul>\n","protected":false},"excerpt":{"rendered":"<p>Unsere Dienstleistungen beinhalten unter anderem: Wasser- und \u00d6lz\u00e4hler ablesen Aussenwasserhahnen f\u00fcllen\/entleeren Wasserdruck bei Heizung kontollieren und bei Bedarf auff\u00fcllen Heizung auf Dichtigkeit pr\u00fcfen \u00d6lstand ablesen \u00fcber den Messstab Schneer\u00e4umungen<\/p>\n","protected":false},"author":2,"featured_media":0,"parent":0,"menu_order":0,"comment_status":"closed","ping_status":"closed","template":"","meta":{"footnotes":""},"class_list":["post-29","page","type-page","status-publish","hentry"],"_links":{"self":[{"href":"https:\/\/www.amato-hauswartungen.ch\/index.php\/wp-json\/wp\/v2\/pages\/29","targetHints":{"allow":["GET"]}}],"collection":[{"href":"https:\/\/www.amato-hauswartungen.ch\/index.php\/wp-json\/wp\/v2\/pages"}],"about":[{"href":"https:\/\/www.amato-hauswartungen.ch\/index.php\/wp-json\/wp\/v2\/types\/page"}],"author":[{"embeddable":true,"href":"https:\/\/www.amato-hauswartungen.ch\/index.php\/wp-json\/wp\/v2\/users\/2"}],"replies":[{"embeddable":true,"href":"https:\/\/www.amato-hauswartungen.ch\/index.php\/wp-json\/wp\/v2\/comments?post=29"}],"version-history":[{"count":4,"href":"https:\/\/www.amato-hauswartungen.ch\/index.php\/wp-json\/wp\/v2\/pages\/29\/revisions"}],"predecessor-version":[{"id":75,"href":"https:\/\/www.amato-hauswartungen.ch\/index.php\/wp-json\/wp\/v2\/pages\/29\/revisions\/75"}],"wp:attachment":[{"href":"https:\/\/www.amato-hauswartungen.ch\/index.php\/wp-json\/wp\/v2\/media?parent=29"}],"curies":[{"name":"wp","href":"https:\/\/api.w.org\/{rel}","templated":true}]}}